{"id":32,"date":"2025-03-18T16:31:20","date_gmt":"2025-03-18T15:31:20","guid":{"rendered":"https:\/\/beviartigianale.it\/casamatta\/prodotto\/double-fradi\/"},"modified":"2025-03-18T18:16:16","modified_gmt":"2025-03-18T17:16:16","slug":"double-fradi","status":"publish","type":"product","link":"https:\/\/beviartigianale.it\/casamatta\/prodotto\/double-fradi\/","title":{"rendered":"DOUBLE FRADI"},"content":{"rendered":"<p>Birra rossa, ad alta fermentazione, in stile belga.<\/p>\n<p>Il malto base \u00e8 il \u2018\u2019Pale\u2019\u2019 a cui vengono aggiunte delle piccole ma diverse percentuali di malti speciali, aromatici e caramellati, che conferiscono alla birra un corpo gustoso ma non stucchevole.<\/p>\n<p>Viene utilizzato solamente un luppolo, scelto ad hoc, sia per le sue propriet\u00e0 amarotiche che per quelle aromatiche.<\/p>\n<p>L\u2019unica differenza rispetto alle birre belghe tradizionali \u00e8 una spinta in pi\u00f9 di amaro data da una maggior quantit\u00e0 di luppolo \u2018\u2019gettato\u2019\u2019 ad inizio bollitura. <\/p>\n","protected":false},"excerpt":{"rendered":"<p>Birra rossa, ad alta fermentazione, in stile belga. Il malto base \u00e8 il \u2018\u2019Pale\u2019\u2019 a [&hellip;]<\/p>\n","protected":false},"featured_media":19,"template":"","meta":[],"product_brand":[],"product_cat":[15],"product_tag":[],"class_list":{"0":"post-32","1":"product","2":"type-product","3":"status-publish","4":"has-post-thumbnail","6":"product_cat-senza-categoria","8":"first","9":"instock","10":"shipping-taxable","11":"purchasable","12":"product-type-variable"},"_links":{"self":[{"href":"https:\/\/beviartigianale.it\/casamatta\/wp-json\/wp\/v2\/product\/32","targetHints":{"allow":["GET"]}}],"collection":[{"href":"https:\/\/beviartigianale.it\/casamatta\/wp-json\/wp\/v2\/product"}],"about":[{"href":"https:\/\/beviartigianale.it\/casamatta\/wp-json\/wp\/v2\/types\/product"}],"wp:featuredmedia":[{"embeddable":true,"href":"https:\/\/beviartigianale.it\/casamatta\/wp-json\/wp\/v2\/media\/19"}],"wp:attachment":[{"href":"https:\/\/beviartigianale.it\/casamatta\/wp-json\/wp\/v2\/media?parent=32"}],"wp:term":[{"taxonomy":"product_brand","embeddable":true,"href":"https:\/\/beviartigianale.it\/casamatta\/wp-json\/wp\/v2\/product_brand?post=32"},{"taxonomy":"product_cat","embeddable":true,"href":"https:\/\/beviartigianale.it\/casamatta\/wp-json\/wp\/v2\/product_cat?post=32"},{"taxonomy":"product_tag","embeddable":true,"href":"https:\/\/beviartigianale.it\/casamatta\/wp-json\/wp\/v2\/product_tag?post=32"}],"curies":[{"name":"wp","href":"https:\/\/api.w.org\/{rel}","templated":true}]}}