{"id":36,"date":"2025-03-18T16:31:21","date_gmt":"2025-03-18T15:31:21","guid":{"rendered":"https:\/\/beviartigianale.it\/casamatta\/prodotto\/siesta\/"},"modified":"2025-03-24T15:39:57","modified_gmt":"2025-03-24T14:39:57","slug":"siesta","status":"publish","type":"product","link":"https:\/\/beviartigianale.it\/casamatta\/prodotto\/siesta\/","title":{"rendered":"SIESTA"},"content":{"rendered":"<p>Siesta \u00e8 il riposo diurno tradizionale della Spagna e, per mezzo dell\u2019influenza imperiale spagnola, di molti paesi dell\u2019 Hispanidad latinoamericana. <\/p>\n<p>La parola siesta deriva dal latino SEXTA che significa \u201cla sesta ora del giorno\u201d e che, per i romani, corrispondeva alla prima ora del pomeriggio. Secondo loro, infatti, un breve \u201criposino\u201d dopo pranzo aiutava la digestione, aumentando la produttivit\u00e0. Ad Andor, un piccolo comune di 1400 abitanti vicino Valencia, la siesta \u00e8 addirittura obbligatoria. Questa legge ha lo scopo di ridurre la mortalit\u00e0 a causa dei \u201ccolpi di sole\u201d durante le ore torride della giornata.<\/p>\n<p>E\u2019 una birra bionda, 100% malto pilsner, leggera, aromatizzata con i fiori di camomilla e una mielassa realizzata con i fiori di tarassaco tipici del mese di maggio\/giugno. <\/p>\n<p>Fresca e dissetante, ideale per staccare dalla calura estiva!!<\/p>\n","protected":false},"excerpt":{"rendered":"<p>Siesta \u00e8 il riposo diurno tradizionale della Spagna e, per mezzo dell\u2019influenza imperiale spagnola, di [&hellip;]<\/p>\n","protected":false},"featured_media":24,"template":"","meta":[],"product_brand":[],"product_cat":[15],"product_tag":[],"class_list":{"0":"post-36","1":"product","2":"type-product","3":"status-publish","4":"has-post-thumbnail","6":"product_cat-senza-categoria","8":"first","9":"instock","10":"shipping-taxable","11":"purchasable","12":"product-type-variable"},"_links":{"self":[{"href":"https:\/\/beviartigianale.it\/casamatta\/wp-json\/wp\/v2\/product\/36","targetHints":{"allow":["GET"]}}],"collection":[{"href":"https:\/\/beviartigianale.it\/casamatta\/wp-json\/wp\/v2\/product"}],"about":[{"href":"https:\/\/beviartigianale.it\/casamatta\/wp-json\/wp\/v2\/types\/product"}],"wp:featuredmedia":[{"embeddable":true,"href":"https:\/\/beviartigianale.it\/casamatta\/wp-json\/wp\/v2\/media\/24"}],"wp:attachment":[{"href":"https:\/\/beviartigianale.it\/casamatta\/wp-json\/wp\/v2\/media?parent=36"}],"wp:term":[{"taxonomy":"product_brand","embeddable":true,"href":"https:\/\/beviartigianale.it\/casamatta\/wp-json\/wp\/v2\/product_brand?post=36"},{"taxonomy":"product_cat","embeddable":true,"href":"https:\/\/beviartigianale.it\/casamatta\/wp-json\/wp\/v2\/product_cat?post=36"},{"taxonomy":"product_tag","embeddable":true,"href":"https:\/\/beviartigianale.it\/casamatta\/wp-json\/wp\/v2\/product_tag?post=36"}],"curies":[{"name":"wp","href":"https:\/\/api.w.org\/{rel}","templated":true}]}}