{"id":39,"date":"2025-03-18T16:31:21","date_gmt":"2025-03-18T15:31:21","guid":{"rendered":"https:\/\/beviartigianale.it\/casamatta\/prodotto\/con-un-filo-di-gas\/"},"modified":"2025-03-24T15:37:32","modified_gmt":"2025-03-24T14:37:32","slug":"con-un-filo-di-gas","status":"publish","type":"product","link":"https:\/\/beviartigianale.it\/casamatta\/prodotto\/con-un-filo-di-gas\/","title":{"rendered":"CON UN FILO&#8230; DI GAS!!!"},"content":{"rendered":"<p>Nonostante il nome, non ha nulla a che fare con le temperature o le modalit\u00e0 di servizio. Uno stile nato negli Stati Uniti e rapidamente diffuso in tutto il mondo. Base maltata molto semplice e leggera costituita da malto pils con l&#8217; aggiunta di fiocchi di mais con lo scopo di fornire &#8220;materiale&#8221; per il corpo della birra mantenendo per\u00f2 una netta secchezza e nel frattempo legarsi alle tradizioni brassicole americane. Viene usato un ceppo di lievito ad alta fermentazione ma lasciato lavorare a temperature pi\u00f9 alte del normale. &#8220;Con un filo di gas&#8221; \u00e8 un&#8217; espressione gergale usata dai pi\u00f9 giovani per indicare uno stato d&#8217; animo leggero, senza pesi e senza stress, indice di tranquillit\u00e0 e sicurezza in se stessi. Sinonimo di una cosa che &#8220;viene via facile&#8221;, con poca fatica, quasi naturale. Uno stile di vita semplice ma al tempo stesso completo. Questa frase ci rappresente al meglio e questa birra rappresenta al meglio questa frase. Decisa ma facile, pungente ma ruffiana; da bere&#8230; con un filo di gas!!<\/p>\n","protected":false},"excerpt":{"rendered":"<p>Nonostante il nome, non ha nulla a che fare con le temperature o le modalit\u00e0 [&hellip;]<\/p>\n","protected":false},"featured_media":78,"template":"","meta":[],"product_brand":[],"product_cat":[15],"product_tag":[],"class_list":{"0":"post-39","1":"product","2":"type-product","3":"status-publish","4":"has-post-thumbnail","6":"product_cat-senza-categoria","8":"first","9":"instock","10":"shipping-taxable","11":"purchasable","12":"product-type-variable"},"_links":{"self":[{"href":"https:\/\/beviartigianale.it\/casamatta\/wp-json\/wp\/v2\/product\/39","targetHints":{"allow":["GET"]}}],"collection":[{"href":"https:\/\/beviartigianale.it\/casamatta\/wp-json\/wp\/v2\/product"}],"about":[{"href":"https:\/\/beviartigianale.it\/casamatta\/wp-json\/wp\/v2\/types\/product"}],"wp:featuredmedia":[{"embeddable":true,"href":"https:\/\/beviartigianale.it\/casamatta\/wp-json\/wp\/v2\/media\/78"}],"wp:attachment":[{"href":"https:\/\/beviartigianale.it\/casamatta\/wp-json\/wp\/v2\/media?parent=39"}],"wp:term":[{"taxonomy":"product_brand","embeddable":true,"href":"https:\/\/beviartigianale.it\/casamatta\/wp-json\/wp\/v2\/product_brand?post=39"},{"taxonomy":"product_cat","embeddable":true,"href":"https:\/\/beviartigianale.it\/casamatta\/wp-json\/wp\/v2\/product_cat?post=39"},{"taxonomy":"product_tag","embeddable":true,"href":"https:\/\/beviartigianale.it\/casamatta\/wp-json\/wp\/v2\/product_tag?post=39"}],"curies":[{"name":"wp","href":"https:\/\/api.w.org\/{rel}","templated":true}]}}