{"id":61,"date":"2025-01-30T14:58:16","date_gmt":"2025-01-30T13:58:16","guid":{"rendered":"https:\/\/beviartigianale.it\/gimmemore\/?post_type=product&#038;p=61"},"modified":"2025-02-12T17:52:39","modified_gmt":"2025-02-12T16:52:39","slug":"stella-polare","status":"publish","type":"product","link":"https:\/\/beviartigianale.it\/gimmemore\/prodotto\/stella-polare\/","title":{"rendered":"Stella Polare"},"content":{"rendered":"<p>Birra in stile tedesco a bassa fermentazione, di corpo leggero, color oro. La nostra Stella Polare \u00e8 chiara, pulita e rinfrescante e fa sentire luppoli tedeschi di qualit\u00e0. Il gusto amaro \u00e8 medio basso e rimane nel retrogusto. Il sapore di malto da moderatamente basso a moderato, ha un gusto dolce da cereale.<\/p>\n","protected":false},"excerpt":{"rendered":"<p>Birra in stile tedesco a bassa fermentazione, di corpo leggero, color oro. La nostra Stella [&hellip;]<\/p>\n","protected":false},"featured_media":109,"comment_status":"open","ping_status":"closed","template":"","meta":[],"product_brand":[],"product_cat":[15],"product_tag":[],"class_list":{"0":"post-61","1":"product","2":"type-product","3":"status-publish","4":"has-post-thumbnail","6":"product_cat-senza-categoria","8":"first","9":"instock","10":"shipping-taxable","11":"purchasable","12":"product-type-variable"},"_links":{"self":[{"href":"https:\/\/beviartigianale.it\/gimmemore\/wp-json\/wp\/v2\/product\/61","targetHints":{"allow":["GET"]}}],"collection":[{"href":"https:\/\/beviartigianale.it\/gimmemore\/wp-json\/wp\/v2\/product"}],"about":[{"href":"https:\/\/beviartigianale.it\/gimmemore\/wp-json\/wp\/v2\/types\/product"}],"replies":[{"embeddable":true,"href":"https:\/\/beviartigianale.it\/gimmemore\/wp-json\/wp\/v2\/comments?post=61"}],"wp:featuredmedia":[{"embeddable":true,"href":"https:\/\/beviartigianale.it\/gimmemore\/wp-json\/wp\/v2\/media\/109"}],"wp:attachment":[{"href":"https:\/\/beviartigianale.it\/gimmemore\/wp-json\/wp\/v2\/media?parent=61"}],"wp:term":[{"taxonomy":"product_brand","embeddable":true,"href":"https:\/\/beviartigianale.it\/gimmemore\/wp-json\/wp\/v2\/product_brand?post=61"},{"taxonomy":"product_cat","embeddable":true,"href":"https:\/\/beviartigianale.it\/gimmemore\/wp-json\/wp\/v2\/product_cat?post=61"},{"taxonomy":"product_tag","embeddable":true,"href":"https:\/\/beviartigianale.it\/gimmemore\/wp-json\/wp\/v2\/product_tag?post=61"}],"curies":[{"name":"wp","href":"https:\/\/api.w.org\/{rel}","templated":true}]}}