{"id":30,"date":"2024-05-06T17:31:31","date_gmt":"2024-05-06T15:31:31","guid":{"rendered":"https:\/\/beviartigianale.it\/laurus\/?post_type=product&#038;p=30"},"modified":"2024-12-03T17:33:44","modified_gmt":"2024-12-03T16:33:44","slug":"fiore","status":"publish","type":"product","link":"https:\/\/beviartigianale.it\/laurus\/prodotto\/fiore\/","title":{"rendered":"Fiore"},"content":{"rendered":"<p>La rossa dal colore ambrato, i profumi intensi e dal gusto avvolgente e deciso, \u00e8 una birra doppio malto di alta qualit\u00e0 La sua intensa luppolatura domina sulla tostatura definendone la sua unicit\u00e0.<\/p>\n","protected":false},"excerpt":{"rendered":"<p>La rossa dal colore ambrato, i profumi intensi e dal gusto avvolgente e deciso, \u00e8 [&hellip;]<\/p>\n","protected":false},"featured_media":34,"comment_status":"open","ping_status":"closed","template":"","meta":[],"product_brand":[],"product_cat":[15],"product_tag":[],"class_list":{"0":"post-30","1":"product","2":"type-product","3":"status-publish","4":"has-post-thumbnail","6":"product_cat-senza-categoria","8":"first","9":"instock","10":"shipping-taxable","11":"purchasable","12":"product-type-variable"},"_links":{"self":[{"href":"https:\/\/beviartigianale.it\/laurus\/wp-json\/wp\/v2\/product\/30","targetHints":{"allow":["GET"]}}],"collection":[{"href":"https:\/\/beviartigianale.it\/laurus\/wp-json\/wp\/v2\/product"}],"about":[{"href":"https:\/\/beviartigianale.it\/laurus\/wp-json\/wp\/v2\/types\/product"}],"replies":[{"embeddable":true,"href":"https:\/\/beviartigianale.it\/laurus\/wp-json\/wp\/v2\/comments?post=30"}],"wp:featuredmedia":[{"embeddable":true,"href":"https:\/\/beviartigianale.it\/laurus\/wp-json\/wp\/v2\/media\/34"}],"wp:attachment":[{"href":"https:\/\/beviartigianale.it\/laurus\/wp-json\/wp\/v2\/media?parent=30"}],"wp:term":[{"taxonomy":"product_brand","embeddable":true,"href":"https:\/\/beviartigianale.it\/laurus\/wp-json\/wp\/v2\/product_brand?post=30"},{"taxonomy":"product_cat","embeddable":true,"href":"https:\/\/beviartigianale.it\/laurus\/wp-json\/wp\/v2\/product_cat?post=30"},{"taxonomy":"product_tag","embeddable":true,"href":"https:\/\/beviartigianale.it\/laurus\/wp-json\/wp\/v2\/product_tag?post=30"}],"curies":[{"name":"wp","href":"https:\/\/api.w.org\/{rel}","templated":true}]}}