{"id":171,"date":"2024-02-19T12:31:40","date_gmt":"2024-02-19T11:31:40","guid":{"rendered":"https:\/\/beviartigianale.it\/microbirrificio-doppiobaffo\/?post_type=product&#038;p=171"},"modified":"2025-05-08T16:10:02","modified_gmt":"2025-05-08T14:10:02","slug":"nina-rose","status":"publish","type":"product","link":"https:\/\/beviartigianale.it\/microbirrificio-doppiobaffo\/prodotto\/nina-rose\/","title":{"rendered":"Nina Ros\u00e8"},"content":{"rendered":"<p>Nella famiglia di Nina lei \u00e8 quella fuori dagli schemi, riservata e con un carattere eclettico, Nina \u00e8 alla ricerca di un amore semplice e sincero, di una persona che la desideri cos\u00ec com\u2019\u00e8.<\/p>\n<p>Birra con l\u2019aggiunta di mosto d\u2019uva rossa. Ne risulta una birra dalle sfumature rosate, il profumo \u00e8 vinoso e fruttato, al gusto si percepisce una moderata acidit\u00e0 che accompagna sentori intensi e vinosi, di mora e marasca<\/p>\n<p>Un modo originale per avvicinare il mondo del vino a quello della birra.<\/p>\n<p>&nbsp;<\/p>\n","protected":false},"excerpt":{"rendered":"<p>Nella famiglia di Nina lei \u00e8 quella fuori dagli schemi, riservata e con un carattere [&hellip;]<\/p>\n","protected":false},"featured_media":532,"template":"","meta":[],"product_brand":[],"product_cat":[15],"product_tag":[],"class_list":{"0":"post-171","1":"product","2":"type-product","3":"status-publish","4":"has-post-thumbnail","6":"product_cat-senza-categoria","8":"first","9":"instock","10":"taxable","11":"shipping-taxable","12":"purchasable","13":"product-type-variable"},"_links":{"self":[{"href":"https:\/\/beviartigianale.it\/microbirrificio-doppiobaffo\/wp-json\/wp\/v2\/product\/171","targetHints":{"allow":["GET"]}}],"collection":[{"href":"https:\/\/beviartigianale.it\/microbirrificio-doppiobaffo\/wp-json\/wp\/v2\/product"}],"about":[{"href":"https:\/\/beviartigianale.it\/microbirrificio-doppiobaffo\/wp-json\/wp\/v2\/types\/product"}],"wp:featuredmedia":[{"embeddable":true,"href":"https:\/\/beviartigianale.it\/microbirrificio-doppiobaffo\/wp-json\/wp\/v2\/media\/532"}],"wp:attachment":[{"href":"https:\/\/beviartigianale.it\/microbirrificio-doppiobaffo\/wp-json\/wp\/v2\/media?parent=171"}],"wp:term":[{"taxonomy":"product_brand","embeddable":true,"href":"https:\/\/beviartigianale.it\/microbirrificio-doppiobaffo\/wp-json\/wp\/v2\/product_brand?post=171"},{"taxonomy":"product_cat","embeddable":true,"href":"https:\/\/beviartigianale.it\/microbirrificio-doppiobaffo\/wp-json\/wp\/v2\/product_cat?post=171"},{"taxonomy":"product_tag","embeddable":true,"href":"https:\/\/beviartigianale.it\/microbirrificio-doppiobaffo\/wp-json\/wp\/v2\/product_tag?post=171"}],"curies":[{"name":"wp","href":"https:\/\/api.w.org\/{rel}","templated":true}]}}