{"id":182,"date":"2024-02-19T12:50:01","date_gmt":"2024-02-19T11:50:01","guid":{"rendered":"https:\/\/beviartigianale.it\/microbirrificio-doppiobaffo\/?post_type=product&#038;p=182"},"modified":"2025-03-03T16:30:16","modified_gmt":"2025-03-03T15:30:16","slug":"youness","status":"publish","type":"product","link":"https:\/\/beviartigianale.it\/microbirrificio-doppiobaffo\/prodotto\/youness\/","title":{"rendered":"Youness"},"content":{"rendered":"<p>Youness \u00e8 tutto ci\u00f2 che non ti aspetti, \u00e8 la sincerit\u00e0 fatta a persona, \u00e8 lo sguardo profondo che arriva dritto al cuore e che ha il sapore di ospitalit\u00e0.<\/p>\n<p>Birra color ambrato dalla schiuma bianca e persistente.<br \/>\nIl profumo \u00e8 complesso, si percepiscono note etiliche, di spezie e di miele. Il gusto \u00e8 maltato ed avvolgente, con una punta amara e speziata sul finale.<\/p>\n<p>Una birra che scalda il cuore con cannella e datteri.<\/p>\n","protected":false},"excerpt":{"rendered":"<p>Youness \u00e8 tutto ci\u00f2 che non ti aspetti, \u00e8 la sincerit\u00e0 fatta a persona, \u00e8 [&hellip;]<\/p>\n","protected":false},"featured_media":281,"template":"","meta":[],"product_brand":[],"product_cat":[15],"product_tag":[],"class_list":{"0":"post-182","1":"product","2":"type-product","3":"status-publish","4":"has-post-thumbnail","6":"product_cat-senza-categoria","8":"first","9":"instock","10":"taxable","11":"shipping-taxable","12":"purchasable","13":"product-type-variable"},"_links":{"self":[{"href":"https:\/\/beviartigianale.it\/microbirrificio-doppiobaffo\/wp-json\/wp\/v2\/product\/182","targetHints":{"allow":["GET"]}}],"collection":[{"href":"https:\/\/beviartigianale.it\/microbirrificio-doppiobaffo\/wp-json\/wp\/v2\/product"}],"about":[{"href":"https:\/\/beviartigianale.it\/microbirrificio-doppiobaffo\/wp-json\/wp\/v2\/types\/product"}],"wp:featuredmedia":[{"embeddable":true,"href":"https:\/\/beviartigianale.it\/microbirrificio-doppiobaffo\/wp-json\/wp\/v2\/media\/281"}],"wp:attachment":[{"href":"https:\/\/beviartigianale.it\/microbirrificio-doppiobaffo\/wp-json\/wp\/v2\/media?parent=182"}],"wp:term":[{"taxonomy":"product_brand","embeddable":true,"href":"https:\/\/beviartigianale.it\/microbirrificio-doppiobaffo\/wp-json\/wp\/v2\/product_brand?post=182"},{"taxonomy":"product_cat","embeddable":true,"href":"https:\/\/beviartigianale.it\/microbirrificio-doppiobaffo\/wp-json\/wp\/v2\/product_cat?post=182"},{"taxonomy":"product_tag","embeddable":true,"href":"https:\/\/beviartigianale.it\/microbirrificio-doppiobaffo\/wp-json\/wp\/v2\/product_tag?post=182"}],"curies":[{"name":"wp","href":"https:\/\/api.w.org\/{rel}","templated":true}]}}