{"id":36,"date":"2023-11-13T17:11:05","date_gmt":"2023-11-13T16:11:05","guid":{"rendered":"https:\/\/beviartigianale.it\/microbirrificio-doppiobaffo\/?post_type=product&#038;p=36"},"modified":"2025-02-12T17:40:14","modified_gmt":"2025-02-12T16:40:14","slug":"rodica","status":"publish","type":"product","link":"https:\/\/beviartigianale.it\/microbirrificio-doppiobaffo\/prodotto\/rodica\/","title":{"rendered":"Rodica"},"content":{"rendered":"<p>Rodica ha una forza d\u2019animo che non ti immagini, lei \u00e8 tosta come un macigno ed il suo cuore \u00e8 dolce e affettuoso. \u00c8 grazie a lei che l\u2019orto degli zii \u00e8 sempre ordinato e rigoglioso.<\/p>\n<p>Birra nera ad alta fermentazione, morbida e vellutata, contraddistinta dal profumo di orzo tostato e dal gusto di caff\u00e8 torrefatto<\/p>\n<p>Consigliata per gli innamorati delle birre dalle note tostate<\/p>\n","protected":false},"excerpt":{"rendered":"<p>Rodica ha una forza d\u2019animo che non ti immagini, lei \u00e8 tosta come un macigno [&hellip;]<\/p>\n","protected":false},"featured_media":278,"template":"","meta":[],"product_brand":[],"product_cat":[15],"product_tag":[],"class_list":{"0":"post-36","1":"product","2":"type-product","3":"status-publish","4":"has-post-thumbnail","6":"product_cat-senza-categoria","8":"first","9":"instock","10":"taxable","11":"shipping-taxable","12":"purchasable","13":"product-type-variable"},"_links":{"self":[{"href":"https:\/\/beviartigianale.it\/microbirrificio-doppiobaffo\/wp-json\/wp\/v2\/product\/36","targetHints":{"allow":["GET"]}}],"collection":[{"href":"https:\/\/beviartigianale.it\/microbirrificio-doppiobaffo\/wp-json\/wp\/v2\/product"}],"about":[{"href":"https:\/\/beviartigianale.it\/microbirrificio-doppiobaffo\/wp-json\/wp\/v2\/types\/product"}],"wp:featuredmedia":[{"embeddable":true,"href":"https:\/\/beviartigianale.it\/microbirrificio-doppiobaffo\/wp-json\/wp\/v2\/media\/278"}],"wp:attachment":[{"href":"https:\/\/beviartigianale.it\/microbirrificio-doppiobaffo\/wp-json\/wp\/v2\/media?parent=36"}],"wp:term":[{"taxonomy":"product_brand","embeddable":true,"href":"https:\/\/beviartigianale.it\/microbirrificio-doppiobaffo\/wp-json\/wp\/v2\/product_brand?post=36"},{"taxonomy":"product_cat","embeddable":true,"href":"https:\/\/beviartigianale.it\/microbirrificio-doppiobaffo\/wp-json\/wp\/v2\/product_cat?post=36"},{"taxonomy":"product_tag","embeddable":true,"href":"https:\/\/beviartigianale.it\/microbirrificio-doppiobaffo\/wp-json\/wp\/v2\/product_tag?post=36"}],"curies":[{"name":"wp","href":"https:\/\/api.w.org\/{rel}","templated":true}]}}